{"id":406,"date":"2024-05-30T12:51:33","date_gmt":"2024-05-30T12:51:33","guid":{"rendered":"https:\/\/drs-bezzina-biens-stefan-sabot-chirurgiens-dentistes.fr\/notre-cabinet\/"},"modified":"2024-11-13T09:51:43","modified_gmt":"2024-11-13T09:51:43","slug":"notre-cabinet","status":"publish","type":"page","link":"https:\/\/drs-bezzina-biens-stefan-sabot-chirurgiens-dentistes.fr\/it\/notre-cabinet\/","title":{"rendered":"Notre cabinet"},"content":{"rendered":"","protected":false},"excerpt":{"rendered":"","protected":false},"author":1,"featured_media":1098,"parent":0,"menu_order":1,"comment_status":"closed","ping_status":"closed","template":"page-cabinet.php","meta":{"_acf_changed":false,"footnotes":""},"class_list":["post-406","page","type-page","status-publish","has-post-thumbnail","hentry"],"acf":[],"yoast_head":"<!-- This site is optimized with the Yoast SEO plugin v27.2 - https:\/\/yoast.com\/product\/yoast-seo-wordpress\/ -->\n<title>Notre cabinet | Cabinet B | Parodontie Exclusive \u00e0 Nice 06200<\/title>\n<meta name=\"description\" content=\"Cabinet B \u00e0 Nice : soins de gencives et de tous les tissus qui soutiennent les dents dans la m\u00e2choire, pr\u00e9vention des maladies parodontales.\" \/>\n<meta name=\"robots\" content=\"index, follow, max-snippet:-1, max-image-preview:large, max-video-preview:-1\" \/>\n<link rel=\"canonical\" href=\"https:\/\/drs-bezzina-biens-stefan-sabot-chirurgiens-dentistes.fr\/it\/notre-cabinet\/\" \/>\n<meta property=\"og:locale\" content=\"it_IT\" \/>\n<meta property=\"og:type\" content=\"article\" \/>\n<meta property=\"og:title\" content=\"Notre cabinet | Cabinet B | Parodontie Exclusive \u00e0 Nice 06200\" \/>\n<meta property=\"og:description\" content=\"Cabinet B \u00e0 Nice : soins de gencives et de tous les tissus qui soutiennent les dents dans la m\u00e2choire, pr\u00e9vention des maladies parodontales.\" \/>\n<meta property=\"og:url\" content=\"https:\/\/drs-bezzina-biens-stefan-sabot-chirurgiens-dentistes.fr\/it\/notre-cabinet\/\" \/>\n<meta property=\"og:site_name\" content=\"Cabinet B | Parodontie exclusive \u00e0 Nice\" \/>\n<meta property=\"article:modified_time\" content=\"2024-11-13T09:51:43+00:00\" \/>\n<meta property=\"og:image\" content=\"https:\/\/drs-bezzina-biens-stefan-sabot-chirurgiens-dentistes.fr\/wp-content\/uploads\/2024\/10\/image-hsfghsfg.webp\" \/>\n\t<meta property=\"og:image:width\" content=\"1950\" \/>\n\t<meta property=\"og:image:height\" content=\"1000\" \/>\n\t<meta property=\"og:image:type\" content=\"image\/webp\" \/>\n<meta name=\"twitter:card\" content=\"summary_large_image\" \/>\n<script type=\"application\/ld+json\" class=\"yoast-schema-graph\">{\"@context\":\"https:\/\/schema.org\",\"@graph\":[{\"@type\":\"WebPage\",\"@id\":\"https:\/\/drs-bezzina-biens-stefan-sabot-chirurgiens-dentistes.fr\/it\/notre-cabinet\/\",\"url\":\"https:\/\/drs-bezzina-biens-stefan-sabot-chirurgiens-dentistes.fr\/it\/notre-cabinet\/\",\"name\":\"Notre cabinet | Cabinet B | Parodontie Exclusive \u00e0 Nice 06200\",\"isPartOf\":{\"@id\":\"https:\/\/drs-bezzina-biens-stefan-sabot-chirurgiens-dentistes.fr\/it\/#website\"},\"primaryImageOfPage\":{\"@id\":\"https:\/\/drs-bezzina-biens-stefan-sabot-chirurgiens-dentistes.fr\/it\/notre-cabinet\/#primaryimage\"},\"image\":{\"@id\":\"https:\/\/drs-bezzina-biens-stefan-sabot-chirurgiens-dentistes.fr\/it\/notre-cabinet\/#primaryimage\"},\"thumbnailUrl\":\"https:\/\/drs-bezzina-biens-stefan-sabot-chirurgiens-dentistes.fr\/wp-content\/uploads\/2024\/10\/soins-dentaires-cabinet-b-docteur-bezzina.webp\",\"datePublished\":\"2024-05-30T12:51:33+00:00\",\"dateModified\":\"2024-11-13T09:51:43+00:00\",\"description\":\"Cabinet B \u00e0 Nice : soins de gencives et de tous les tissus qui soutiennent les dents dans la m\u00e2choire, pr\u00e9vention des maladies parodontales.\",\"breadcrumb\":{\"@id\":\"https:\/\/drs-bezzina-biens-stefan-sabot-chirurgiens-dentistes.fr\/it\/notre-cabinet\/#breadcrumb\"},\"inLanguage\":\"it-IT\",\"potentialAction\":[{\"@type\":\"ReadAction\",\"target\":[\"https:\/\/drs-bezzina-biens-stefan-sabot-chirurgiens-dentistes.fr\/it\/notre-cabinet\/\"]}]},{\"@type\":\"ImageObject\",\"inLanguage\":\"it-IT\",\"@id\":\"https:\/\/drs-bezzina-biens-stefan-sabot-chirurgiens-dentistes.fr\/it\/notre-cabinet\/#primaryimage\",\"url\":\"https:\/\/drs-bezzina-biens-stefan-sabot-chirurgiens-dentistes.fr\/wp-content\/uploads\/2024\/10\/soins-dentaires-cabinet-b-docteur-bezzina.webp\",\"contentUrl\":\"https:\/\/drs-bezzina-biens-stefan-sabot-chirurgiens-dentistes.fr\/wp-content\/uploads\/2024\/10\/soins-dentaires-cabinet-b-docteur-bezzina.webp\",\"width\":1950,\"height\":1000,\"caption\":\"Soins dentaires au cabinet B des Drs Bezzina, Biens, Stefan & Sabot, parodontie exclusive \u00e0 Nice\"},{\"@type\":\"BreadcrumbList\",\"@id\":\"https:\/\/drs-bezzina-biens-stefan-sabot-chirurgiens-dentistes.fr\/it\/notre-cabinet\/#breadcrumb\",\"itemListElement\":[{\"@type\":\"ListItem\",\"position\":1,\"name\":\"Accueil\",\"item\":\"https:\/\/drs-bezzina-biens-stefan-sabot-chirurgiens-dentistes.fr\/it\/\"},{\"@type\":\"ListItem\",\"position\":2,\"name\":\"Notre cabinet\"}]},{\"@type\":\"WebSite\",\"@id\":\"https:\/\/drs-bezzina-biens-stefan-sabot-chirurgiens-dentistes.fr\/it\/#website\",\"url\":\"https:\/\/drs-bezzina-biens-stefan-sabot-chirurgiens-dentistes.fr\/it\/\",\"name\":\"Cabinet B | Parodontie exclusive \u00e0 Nice\",\"description\":\"Cabinet B des Drs Bezzina, Biens, Stefan &amp; Sabot \u00e0 Nice 06200\",\"potentialAction\":[{\"@type\":\"SearchAction\",\"target\":{\"@type\":\"EntryPoint\",\"urlTemplate\":\"https:\/\/drs-bezzina-biens-stefan-sabot-chirurgiens-dentistes.fr\/it\/?s={search_term_string}\"},\"query-input\":{\"@type\":\"PropertyValueSpecification\",\"valueRequired\":true,\"valueName\":\"search_term_string\"}}],\"inLanguage\":\"it-IT\"}]}<\/script>\n<!-- \/ Yoast SEO plugin. -->","yoast_head_json":{"title":"Notre cabinet | Cabinet B | Parodontie Exclusive \u00e0 Nice 06200","description":"Cabinet B \u00e0 Nice : soins de gencives et de tous les tissus qui soutiennent les dents dans la m\u00e2choire, pr\u00e9vention des maladies parodontales.","robots":{"index":"index","follow":"follow","max-snippet":"max-snippet:-1","max-image-preview":"max-image-preview:large","max-video-preview":"max-video-preview:-1"},"canonical":"https:\/\/drs-bezzina-biens-stefan-sabot-chirurgiens-dentistes.fr\/it\/notre-cabinet\/","og_locale":"it_IT","og_type":"article","og_title":"Notre cabinet | Cabinet B | Parodontie Exclusive \u00e0 Nice 06200","og_description":"Cabinet B \u00e0 Nice : soins de gencives et de tous les tissus qui soutiennent les dents dans la m\u00e2choire, pr\u00e9vention des maladies parodontales.","og_url":"https:\/\/drs-bezzina-biens-stefan-sabot-chirurgiens-dentistes.fr\/it\/notre-cabinet\/","og_site_name":"Cabinet B | Parodontie exclusive \u00e0 Nice","article_modified_time":"2024-11-13T09:51:43+00:00","og_image":[{"width":1950,"height":1000,"url":"https:\/\/drs-bezzina-biens-stefan-sabot-chirurgiens-dentistes.fr\/wp-content\/uploads\/2024\/10\/image-hsfghsfg.webp","type":"image\/webp"}],"twitter_card":"summary_large_image","schema":{"@context":"https:\/\/schema.org","@graph":[{"@type":"WebPage","@id":"https:\/\/drs-bezzina-biens-stefan-sabot-chirurgiens-dentistes.fr\/it\/notre-cabinet\/","url":"https:\/\/drs-bezzina-biens-stefan-sabot-chirurgiens-dentistes.fr\/it\/notre-cabinet\/","name":"Notre cabinet | Cabinet B | Parodontie Exclusive \u00e0 Nice 06200","isPartOf":{"@id":"https:\/\/drs-bezzina-biens-stefan-sabot-chirurgiens-dentistes.fr\/it\/#website"},"primaryImageOfPage":{"@id":"https:\/\/drs-bezzina-biens-stefan-sabot-chirurgiens-dentistes.fr\/it\/notre-cabinet\/#primaryimage"},"image":{"@id":"https:\/\/drs-bezzina-biens-stefan-sabot-chirurgiens-dentistes.fr\/it\/notre-cabinet\/#primaryimage"},"thumbnailUrl":"https:\/\/drs-bezzina-biens-stefan-sabot-chirurgiens-dentistes.fr\/wp-content\/uploads\/2024\/10\/soins-dentaires-cabinet-b-docteur-bezzina.webp","datePublished":"2024-05-30T12:51:33+00:00","dateModified":"2024-11-13T09:51:43+00:00","description":"Cabinet B \u00e0 Nice : soins de gencives et de tous les tissus qui soutiennent les dents dans la m\u00e2choire, pr\u00e9vention des maladies parodontales.","breadcrumb":{"@id":"https:\/\/drs-bezzina-biens-stefan-sabot-chirurgiens-dentistes.fr\/it\/notre-cabinet\/#breadcrumb"},"inLanguage":"it-IT","potentialAction":[{"@type":"ReadAction","target":["https:\/\/drs-bezzina-biens-stefan-sabot-chirurgiens-dentistes.fr\/it\/notre-cabinet\/"]}]},{"@type":"ImageObject","inLanguage":"it-IT","@id":"https:\/\/drs-bezzina-biens-stefan-sabot-chirurgiens-dentistes.fr\/it\/notre-cabinet\/#primaryimage","url":"https:\/\/drs-bezzina-biens-stefan-sabot-chirurgiens-dentistes.fr\/wp-content\/uploads\/2024\/10\/soins-dentaires-cabinet-b-docteur-bezzina.webp","contentUrl":"https:\/\/drs-bezzina-biens-stefan-sabot-chirurgiens-dentistes.fr\/wp-content\/uploads\/2024\/10\/soins-dentaires-cabinet-b-docteur-bezzina.webp","width":1950,"height":1000,"caption":"Soins dentaires au cabinet B des Drs Bezzina, Biens, Stefan & Sabot, parodontie exclusive \u00e0 Nice"},{"@type":"BreadcrumbList","@id":"https:\/\/drs-bezzina-biens-stefan-sabot-chirurgiens-dentistes.fr\/it\/notre-cabinet\/#breadcrumb","itemListElement":[{"@type":"ListItem","position":1,"name":"Accueil","item":"https:\/\/drs-bezzina-biens-stefan-sabot-chirurgiens-dentistes.fr\/it\/"},{"@type":"ListItem","position":2,"name":"Notre cabinet"}]},{"@type":"WebSite","@id":"https:\/\/drs-bezzina-biens-stefan-sabot-chirurgiens-dentistes.fr\/it\/#website","url":"https:\/\/drs-bezzina-biens-stefan-sabot-chirurgiens-dentistes.fr\/it\/","name":"Cabinet B | Parodontie exclusive \u00e0 Nice","description":"Cabinet B des Drs Bezzina, Biens, Stefan &amp; Sabot \u00e0 Nice 06200","potentialAction":[{"@type":"SearchAction","target":{"@type":"EntryPoint","urlTemplate":"https:\/\/drs-bezzina-biens-stefan-sabot-chirurgiens-dentistes.fr\/it\/?s={search_term_string}"},"query-input":{"@type":"PropertyValueSpecification","valueRequired":true,"valueName":"search_term_string"}}],"inLanguage":"it-IT"}]}},"_links":{"self":[{"href":"https:\/\/drs-bezzina-biens-stefan-sabot-chirurgiens-dentistes.fr\/it\/wp-json\/wp\/v2\/pages\/406","targetHints":{"allow":["GET"]}}],"collection":[{"href":"https:\/\/drs-bezzina-biens-stefan-sabot-chirurgiens-dentistes.fr\/it\/wp-json\/wp\/v2\/pages"}],"about":[{"href":"https:\/\/drs-bezzina-biens-stefan-sabot-chirurgiens-dentistes.fr\/it\/wp-json\/wp\/v2\/types\/page"}],"author":[{"embeddable":true,"href":"https:\/\/drs-bezzina-biens-stefan-sabot-chirurgiens-dentistes.fr\/it\/wp-json\/wp\/v2\/users\/1"}],"replies":[{"embeddable":true,"href":"https:\/\/drs-bezzina-biens-stefan-sabot-chirurgiens-dentistes.fr\/it\/wp-json\/wp\/v2\/comments?post=406"}],"version-history":[{"count":1,"href":"https:\/\/drs-bezzina-biens-stefan-sabot-chirurgiens-dentistes.fr\/it\/wp-json\/wp\/v2\/pages\/406\/revisions"}],"predecessor-version":[{"id":507,"href":"https:\/\/drs-bezzina-biens-stefan-sabot-chirurgiens-dentistes.fr\/it\/wp-json\/wp\/v2\/pages\/406\/revisions\/507"}],"wp:featuredmedia":[{"embeddable":true,"href":"https:\/\/drs-bezzina-biens-stefan-sabot-chirurgiens-dentistes.fr\/it\/wp-json\/wp\/v2\/media\/1098"}],"wp:attachment":[{"href":"https:\/\/drs-bezzina-biens-stefan-sabot-chirurgiens-dentistes.fr\/it\/wp-json\/wp\/v2\/media?parent=406"}],"curies":[{"name":"wp","href":"https:\/\/api.w.org\/{rel}","templated":true}]}}